{"id":55,"date":"2021-10-22T09:48:11","date_gmt":"2021-10-22T09:48:11","guid":{"rendered":"https:\/\/klosterschule-naefels.ch\/?page_id=55"},"modified":"2021-10-22T21:41:11","modified_gmt":"2021-10-22T21:41:11","slug":"kapuziner","status":"publish","type":"page","link":"https:\/\/klosterschule-naefels.ch\/?page_id=55","title":{"rendered":"Kapuziner"},"content":{"rendered":"\n<div class=\"wp-block-columns is-layout-flex wp-container-core-columns-is-layout-28f84493 wp-block-columns-is-layout-flex\">\n<div class=\"wp-block-column is-layout-flow wp-block-column-is-layout-flow\">\n<h2 class=\"wp-block-heading\" style=\"font-size:38px\">Die Kapuziner in N\u00e4fels<\/h2>\n\n\n\n<p style=\"font-size:25px\"><em>Die Kapuziner lassen sich erstmals 1535 in der Schweiz nieder. Sp\u00e4testens 1589 taucht auch im Glarnerland der erste Kapuziner auf. W\u00e4hrend 312 Jahren sind die Kapuziner eine wichtige St\u00fctze der ganzen Gesellschaft.<\/em><\/p>\n<\/div>\n<\/div>\n\n\n\n<div class=\"wp-block-columns is-layout-flex wp-container-core-columns-is-layout-28f84493 wp-block-columns-is-layout-flex\">\n<div class=\"wp-block-column is-layout-flow wp-block-column-is-layout-flow\">\n<p>Wann genau der erste Kapuziner Glarner Boden betritt, ist nicht bekannt. Mehr oder weniger regelm\u00e4ssig sind Kapuziner aus dem 1606 gegr\u00fcndeten Kloster Rapperswil als Gastprediger und Aushilfen hier anzutreffen. Doch Pater Polykarp Schwitter, der grosse Chronist des Klosters, weist darauf hin, dass bereits anfangs April 1589 Pater Ludwig, ein Sachse, ins Glarnerland reist, um an der N\u00e4felser Fahrt zu predigen. Ohne vorherige Absprache offensichtlich, denn der Fahrtsprediger ist bereits bestimmt. Pater Ludwig macht aber trotzdem den Kreuzgang der Schlachtfeier mit und h\u00e4lt eine Woche sp\u00e4ter die Sonntagspredigt in der N\u00e4felser Pfarrkirche. So gut, dass er offiziell zum Fahrtsprediger 1591 ernannt wird; diese Predigt ist jedoch nicht aktenkundig.<\/p>\n\n\n\n<h3 class=\"wp-block-heading\">In N\u00e4fels von 1674 bis 1986<\/h3>\n\n\n\n<p>Dauerhaft sesshaft werden die Kapuziner in N\u00e4fels ab 1674, wo sie zun\u00e4chst das \u00abAlte Letzhaus\u00bb bewohnen, bis sie 1677 ins neue Kloster ziehen k\u00f6nnen. Zuerst z\u00e4hlt die Gemeinschaft sechs Patres und Br\u00fcder, sp\u00e4ter zehn. Bis zur Fertigstellung des Klosters wirken die Patres Gratian Weber, Rudolf Reding und Joseph Letter als Superiore, erster Guardian von N\u00e4fels ist in den Jahren 1680 \u2013 1682 P. Apollinaris B\u00fceler von Schwyz. Eine vollst\u00e4ndige Liste aller Klostervorsteher findet sich bei P. Poykarp Schwitter, hingewiesen sei hier nur auf den 88. Guardian (1900 \u2013 1903), P. Fortunat K\u00fchne aus Benken, sowie den 106. Guardian (1951-54), P. Hildebert Landolt von N\u00e4fels, und dann nat\u00fcrlich auf die Nummern 113 und 114 in dieser Ehrengalerie, P. Gislar Schmuckli und P. Matern St\u00e4hli, beides Glarner aus Netstal. Letzterer tritt sein Amt 1972 an und hat es 1986 zum dritten Mal inne, als er zusammen mit seinem Stellvertreter P. Volkmar Sidler das Kloster in die H\u00e4nde der Franziskaner \u00fcbergibt.<\/p>\n\n\n\n<p><br>57 Glarner Kapuziner werden bei P. Polykarp aufgelistet, als erster P. Dominikus Tschudi, der 1649, also noch vor der Gr\u00fcndung des Klosters N\u00e4fels in den Orden eintritt. Der letzte in dieser Liste ist Br. Werner Gallati, der 1970 zum Orden st\u00f6sst und in der Folge als Missionar in den Seychellen wirkt. Hinzu kommen 35 Kapuziner aus dem Gasterland und Reichenburg. Diese Listen sind bei n\u00e4chster Gelegenheit bis in die Gegenwart nachzuf\u00fchren.<\/p>\n<\/div>\n\n\n\n<div class=\"wp-block-column is-layout-flow wp-block-column-is-layout-flow\">\n<h3 class=\"wp-block-heading\">Was zeichnet die Kapuziner aus?<\/h3>\n\n\n\n<p>Die Kapuziner \u2013 lat. Ordo Fratrum Minorum Capuccinorum, OFM Cap. \u2013 sind nach den Konventualen und den Observanten der dritte und j\u00fcngste Zweig im Ersten Orden des Franziskus von Assisi (1182-1226), ihren Namen erhalten sie wegen der charakteristischen spitzen Kapuze ihrer braunen Kutte. Gr\u00fcndungsziel ist die R\u00fcckkehr zum franziskanischen Ideal: buchstabengetreue Regelbeobachtung, strenge Armut und \u2013 anf\u00e4nglich \u2013 Eremitenleben. Wegen ihres Engagements f\u00fcr die Kranken und Bed\u00fcrftigen sowie bei Friedensvermittlungen gelangen sie schnell zu grosser Beliebtheit. Neben dem Apostolat wird auch die Bildungsarbeit immer wichtiger, insbesondere wegen des Verbots des Jesuitenordens (1773-1814, in der Schweiz auch zwischen 1847\/48 und 1973). In der Schweiz geben die Kapuziner erstmals 1688 Schulunterricht, in N\u00e4fels ist dies zwischen 1831 und 1986.<\/p>\n\n\n\n<p>1528 entstanden, z\u00e4hlt der Kapuzinerorden heute weltweit knapp 11 000 Mitglieder, an deren Spitze der Schweizer P. Mauro J\u00f6hri als in Rom residierender Generalminister steht.<\/p>\n\n\n\n<h3 class=\"wp-block-heading\">Niederlassungen in der Schweiz<\/h3>\n\n\n\n<p>Bereits 1535 entsteht im abgelegenen Tessiner D\u00f6rfchen Bigorio das erste Kapuzinerkloster in der Schweiz, dem 1565 ein n\u00e4chstes in Sorengo-Lugano folgt; sie sind damals noch der Ordensprovinz Mailand angegliedert. N\u00f6rdlich der Alpen wird die Innerschweiz zum Ausgangspunkt der katholischen Reform. Angeregt durch Karl Borrom\u00e4us, Erzbischof von Mailand, entstehen in Altdorf (1581) und Stans (1582) die ersten Kapuzinerkl\u00f6ster im deutschsprachigen Raum. 1668 umfasst die Schweizer Kapuzinerprovinz mit Sitz in Luzern 60 Niederlassungen mit 732 Mitgliedern; das Elsass, S\u00fcddeutschland und das Vorarlberg geh\u00f6ren zur Schweizer Provinz, nicht aber das Wallis und das Tessin. Deshalb sind Zahlenvergleiche mit Vorsicht zu geniessen. 1962 erreicht die Schweizer Kapuzinerprovinz mit 820 Mitgliedern und Novizen ihren H\u00f6hepunkt. Seither setzt wegen Nachwuchsmangels ein kontinuierlicher R\u00fcckgang ein. Heute besitzen die Kapuziner in der Schweiz noch 14 Kl\u00f6ster und 5 Niederlassungen mit gut gez\u00e4hlten 200 Mitgliedern.<\/p>\n<\/div>\n<\/div>\n\n\n\n<div class=\"wp-block-columns is-layout-flex wp-container-core-columns-is-layout-28f84493 wp-block-columns-is-layout-flex\">\n<div class=\"wp-block-column is-layout-flow wp-block-column-is-layout-flow\" style=\"flex-basis:100%\">\n<div class=\"wp-block-group is-layout-flow wp-block-group-is-layout-flow\"><div class=\"wp-block-group__inner-container\">\n<div style=\"height:58px\" aria-hidden=\"true\" class=\"wp-block-spacer\"><\/div>\n\n\n\n<div class=\"wp-block-columns is-layout-flex wp-container-core-columns-is-layout-28f84493 wp-block-columns-is-layout-flex\">\n<div class=\"wp-block-column is-layout-flow wp-block-column-is-layout-flow\">\n<figure class=\"wp-block-embed is-type-video is-provider-youtube wp-block-embed-youtube wp-embed-aspect-16-9 wp-has-aspect-ratio\"><div class=\"wp-block-embed__wrapper\">\n<div class=\"ast-oembed-container\" style=\"height: 100%;\"><iframe loading=\"lazy\" title=\"Weshalb ich Kapuziner wurde\" width=\"500\" height=\"281\" src=\"https:\/\/www.youtube.com\/embed\/0DVRJL1uUUU?feature=oembed\" frameborder=\"0\" allow=\"accelerometer; autoplay; clipboard-write; encrypted-media; gyroscope; picture-in-picture; web-share\" referrerpolicy=\"strict-origin-when-cross-origin\" allowfullscreen><\/iframe><\/div>\n<\/div><\/figure>\n\n\n\n<figure class=\"wp-block-embed is-type-video is-provider-youtube wp-block-embed-youtube wp-embed-aspect-16-9 wp-has-aspect-ratio\"><div class=\"wp-block-embed__wrapper\">\n<div class=\"ast-oembed-container\" style=\"height: 100%;\"><iframe loading=\"lazy\" title=\"Kapuziner werden\" width=\"500\" height=\"281\" src=\"https:\/\/www.youtube.com\/embed\/NxjvNyTcivA?feature=oembed\" frameborder=\"0\" allow=\"accelerometer; autoplay; clipboard-write; encrypted-media; gyroscope; picture-in-picture; web-share\" referrerpolicy=\"strict-origin-when-cross-origin\" allowfullscreen><\/iframe><\/div>\n<\/div><\/figure>\n\n\n\n<figure class=\"wp-block-embed is-type-video is-provider-youtube wp-block-embed-youtube wp-embed-aspect-4-3 wp-has-aspect-ratio\"><div class=\"wp-block-embed__wrapper\">\n<div class=\"ast-oembed-container\" style=\"height: 100%;\"><iframe loading=\"lazy\" title=\"Kapuziner werden\" width=\"500\" height=\"375\" src=\"https:\/\/www.youtube.com\/embed\/FGTzoIFIVOA?feature=oembed\" frameborder=\"0\" allow=\"accelerometer; autoplay; clipboard-write; encrypted-media; gyroscope; picture-in-picture; web-share\" referrerpolicy=\"strict-origin-when-cross-origin\" allowfullscreen><\/iframe><\/div>\n<\/div><\/figure>\n<\/div>\n\n\n\n<div class=\"wp-block-column is-layout-flow wp-block-column-is-layout-flow\">\n<figure class=\"wp-block-embed is-type-video is-provider-youtube wp-block-embed-youtube wp-embed-aspect-4-3 wp-has-aspect-ratio\"><\/figure>\n\n\n\n<figure class=\"wp-block-embed is-type-video is-provider-youtube wp-block-embed-youtube wp-embed-aspect-4-3 wp-has-aspect-ratio\"><div class=\"wp-block-embed__wrapper\">\n<div class=\"ast-oembed-container\" style=\"height: 100%;\"><iframe loading=\"lazy\" title=\"Kapuziner in K\u00fcrze\" width=\"500\" height=\"375\" src=\"https:\/\/www.youtube.com\/embed\/ZZolR6Ak3D0?feature=oembed\" frameborder=\"0\" allow=\"accelerometer; autoplay; clipboard-write; encrypted-media; gyroscope; picture-in-picture; web-share\" referrerpolicy=\"strict-origin-when-cross-origin\" allowfullscreen><\/iframe><\/div>\n<\/div><\/figure>\n<\/div>\n<\/div>\n<\/div><\/div>\n<\/div>\n<\/div>\n\n\n\n<div class=\"wp-block-columns is-layout-flex wp-container-core-columns-is-layout-28f84493 wp-block-columns-is-layout-flex\">\n<div class=\"wp-block-column is-layout-flow wp-block-column-is-layout-flow\" style=\"flex-basis:100%\">\n<div class=\"wp-block-columns is-layout-flex wp-container-core-columns-is-layout-28f84493 wp-block-columns-is-layout-flex\">\n<div class=\"wp-block-column is-layout-flow wp-block-column-is-layout-flow\">\n<div style=\"height:27px\" aria-hidden=\"true\" class=\"wp-block-spacer\"><\/div>\n<\/div>\n\n\n\n<div class=\"wp-block-column is-layout-flow wp-block-column-is-layout-flow\"><\/div>\n\n\n\n<div class=\"wp-block-column is-layout-flow wp-block-column-is-layout-flow\"><\/div>\n<\/div>\n<\/div>\n<\/div>\n\n\n\n<div class=\"wp-block-group is-layout-flow wp-block-group-is-layout-flow\"><div class=\"wp-block-group__inner-container\">\n<figure class=\"wp-block-gallery columns-3 is-cropped wp-block-gallery-1 is-layout-flex wp-block-gallery-is-layout-flex\"><ul class=\"blocks-gallery-grid\"><li class=\"blocks-gallery-item\"><figure><img loading=\"lazy\" decoding=\"async\" width=\"732\" height=\"978\" src=\"https:\/\/klosterschule-naefels.ch\/wp-content\/uploads\/2021\/10\/P.-Matern-Staehli-e1477084702287.jpg\" alt=\"\" data-id=\"1270\" data-full-url=\"https:\/\/klosterschule-naefels.ch\/wp-content\/uploads\/2021\/10\/P.-Matern-Staehli-e1477084702287.jpg\" data-link=\"https:\/\/klosterschule-naefels.ch\/?attachment_id=1270\" class=\"wp-image-1270\" srcset=\"https:\/\/klosterschule-naefels.ch\/wp-content\/uploads\/2021\/10\/P.-Matern-Staehli-e1477084702287.jpg 732w, https:\/\/klosterschule-naefels.ch\/wp-content\/uploads\/2021\/10\/P.-Matern-Staehli-e1477084702287-225x300.jpg 225w\" sizes=\"auto, (max-width: 732px) 100vw, 732px\" \/><figcaption class=\"blocks-gallery-item__caption\">P. Matern St\u00e4hli<\/figcaption><\/figure><\/li><li class=\"blocks-gallery-item\"><figure><img loading=\"lazy\" decoding=\"async\" width=\"633\" height=\"1024\" src=\"https:\/\/klosterschule-naefels.ch\/wp-content\/uploads\/2021\/10\/P.-Othmar-Landolt-e1477084633794-633x1024.jpg\" alt=\"\" data-id=\"1271\" data-full-url=\"https:\/\/klosterschule-naefels.ch\/wp-content\/uploads\/2021\/10\/P.-Othmar-Landolt-e1477084633794.jpg\" data-link=\"https:\/\/klosterschule-naefels.ch\/?attachment_id=1271\" class=\"wp-image-1271\" srcset=\"https:\/\/klosterschule-naefels.ch\/wp-content\/uploads\/2021\/10\/P.-Othmar-Landolt-e1477084633794-633x1024.jpg 633w, https:\/\/klosterschule-naefels.ch\/wp-content\/uploads\/2021\/10\/P.-Othmar-Landolt-e1477084633794-185x300.jpg 185w, https:\/\/klosterschule-naefels.ch\/wp-content\/uploads\/2021\/10\/P.-Othmar-Landolt-e1477084633794-768x1242.jpg 768w, https:\/\/klosterschule-naefels.ch\/wp-content\/uploads\/2021\/10\/P.-Othmar-Landolt-e1477084633794.jpg 933w\" sizes=\"auto, (max-width: 633px) 100vw, 633px\" \/><figcaption class=\"blocks-gallery-item__caption\">P. Othmar Landolt<\/figcaption><\/figure><\/li><li class=\"blocks-gallery-item\"><figure><img loading=\"lazy\" decoding=\"async\" width=\"678\" height=\"927\" src=\"https:\/\/klosterschule-naefels.ch\/wp-content\/uploads\/2021\/10\/P.-Raymund-Stocker-e1477084604981.jpg\" alt=\"\" data-id=\"1272\" data-full-url=\"https:\/\/klosterschule-naefels.ch\/wp-content\/uploads\/2021\/10\/P.-Raymund-Stocker-e1477084604981.jpg\" data-link=\"https:\/\/klosterschule-naefels.ch\/?attachment_id=1272\" class=\"wp-image-1272\" srcset=\"https:\/\/klosterschule-naefels.ch\/wp-content\/uploads\/2021\/10\/P.-Raymund-Stocker-e1477084604981.jpg 678w, https:\/\/klosterschule-naefels.ch\/wp-content\/uploads\/2021\/10\/P.-Raymund-Stocker-e1477084604981-219x300.jpg 219w\" sizes=\"auto, (max-width: 678px) 100vw, 678px\" \/><figcaption class=\"blocks-gallery-item__caption\">P. Raymund Stocker<\/figcaption><\/figure><\/li><li class=\"blocks-gallery-item\"><figure><img loading=\"lazy\" decoding=\"async\" width=\"862\" height=\"1024\" src=\"https:\/\/klosterschule-naefels.ch\/wp-content\/uploads\/2021\/10\/P.-Synesius-Koepfli-e1477084576509-862x1024.jpg\" alt=\"\" data-id=\"1273\" data-full-url=\"https:\/\/klosterschule-naefels.ch\/wp-content\/uploads\/2021\/10\/P.-Synesius-Koepfli-e1477084576509.jpg\" data-link=\"https:\/\/klosterschule-naefels.ch\/?attachment_id=1273\" class=\"wp-image-1273\" srcset=\"https:\/\/klosterschule-naefels.ch\/wp-content\/uploads\/2021\/10\/P.-Synesius-Koepfli-e1477084576509-862x1024.jpg 862w, https:\/\/klosterschule-naefels.ch\/wp-content\/uploads\/2021\/10\/P.-Synesius-Koepfli-e1477084576509-252x300.jpg 252w, https:\/\/klosterschule-naefels.ch\/wp-content\/uploads\/2021\/10\/P.-Synesius-Koepfli-e1477084576509-768x913.jpg 768w, https:\/\/klosterschule-naefels.ch\/wp-content\/uploads\/2021\/10\/P.-Synesius-Koepfli-e1477084576509.jpg 891w\" sizes=\"auto, (max-width: 862px) 100vw, 862px\" \/><figcaption class=\"blocks-gallery-item__caption\">P. Synesius Kn\u00f6pfli<\/figcaption><\/figure><\/li><li class=\"blocks-gallery-item\"><figure><img loading=\"lazy\" decoding=\"async\" width=\"723\" height=\"942\" src=\"https:\/\/klosterschule-naefels.ch\/wp-content\/uploads\/2021\/10\/P.-Volkmar-Sidler-e1477084552687.jpg\" alt=\"\" data-id=\"1274\" data-full-url=\"https:\/\/klosterschule-naefels.ch\/wp-content\/uploads\/2021\/10\/P.-Volkmar-Sidler-e1477084552687.jpg\" data-link=\"https:\/\/klosterschule-naefels.ch\/?attachment_id=1274\" class=\"wp-image-1274\" srcset=\"https:\/\/klosterschule-naefels.ch\/wp-content\/uploads\/2021\/10\/P.-Volkmar-Sidler-e1477084552687.jpg 723w, https:\/\/klosterschule-naefels.ch\/wp-content\/uploads\/2021\/10\/P.-Volkmar-Sidler-e1477084552687-230x300.jpg 230w\" sizes=\"auto, (max-width: 723px) 100vw, 723px\" \/><figcaption class=\"blocks-gallery-item__caption\">P. Volkmar Sidler<\/figcaption><\/figure><\/li><li class=\"blocks-gallery-item\"><figure><img loading=\"lazy\" decoding=\"async\" width=\"714\" height=\"942\" src=\"https:\/\/klosterschule-naefels.ch\/wp-content\/uploads\/2021\/10\/P.-Witgar-Oeschger-e1477084495663.jpg\" alt=\"\" data-id=\"1275\" data-full-url=\"https:\/\/klosterschule-naefels.ch\/wp-content\/uploads\/2021\/10\/P.-Witgar-Oeschger-e1477084495663.jpg\" data-link=\"https:\/\/klosterschule-naefels.ch\/?attachment_id=1275\" class=\"wp-image-1275\" srcset=\"https:\/\/klosterschule-naefels.ch\/wp-content\/uploads\/2021\/10\/P.-Witgar-Oeschger-e1477084495663.jpg 714w, https:\/\/klosterschule-naefels.ch\/wp-content\/uploads\/2021\/10\/P.-Witgar-Oeschger-e1477084495663-227x300.jpg 227w\" sizes=\"auto, (max-width: 714px) 100vw, 714px\" \/><figcaption class=\"blocks-gallery-item__caption\">P. Witgar Oeschger<\/figcaption><\/figure><\/li><li class=\"blocks-gallery-item\"><figure><img loading=\"lazy\" decoding=\"async\" width=\"1024\" height=\"667\" src=\"https:\/\/klosterschule-naefels.ch\/wp-content\/uploads\/2021\/10\/Die-letzten-zehn-Kapuziner-von-Naefels-e1477084836591-1024x667.jpg\" alt=\"\" data-id=\"1269\" data-full-url=\"https:\/\/klosterschule-naefels.ch\/wp-content\/uploads\/2021\/10\/Die-letzten-zehn-Kapuziner-von-Naefels-e1477084836591.jpg\" data-link=\"https:\/\/klosterschule-naefels.ch\/?attachment_id=1269\" class=\"wp-image-1269\" srcset=\"https:\/\/klosterschule-naefels.ch\/wp-content\/uploads\/2021\/10\/Die-letzten-zehn-Kapuziner-von-Naefels-e1477084836591-1024x667.jpg 1024w, https:\/\/klosterschule-naefels.ch\/wp-content\/uploads\/2021\/10\/Die-letzten-zehn-Kapuziner-von-Naefels-e1477084836591-300x196.jpg 300w, https:\/\/klosterschule-naefels.ch\/wp-content\/uploads\/2021\/10\/Die-letzten-zehn-Kapuziner-von-Naefels-e1477084836591-768x501.jpg 768w, https:\/\/klosterschule-naefels.ch\/wp-content\/uploads\/2021\/10\/Die-letzten-zehn-Kapuziner-von-Naefels-e1477084836591.jpg 1473w\" sizes=\"auto, (max-width: 1024px) 100vw, 1024px\" \/><figcaption class=\"blocks-gallery-item__caption\">Die letzten zehn Kapuziner von N\u00e4fels<\/figcaption><\/figure><\/li><\/ul><\/figure>\n<\/div><\/div>\n","protected":false},"excerpt":{"rendered":"<p>Die Kapuziner in N\u00e4fels Die Kapuziner lassen sich erstmals 1535 in der Schweiz nieder. Sp\u00e4testens 1589 taucht auch im Glarnerland der erste Kapuziner auf. W\u00e4hrend 312 Jahren sind die Kapuziner eine wichtige St\u00fctze der ganzen Gesellschaft. Wann genau der erste Kapuziner Glarner Boden betritt, ist nicht bekannt. Mehr oder weniger regelm\u00e4ssig sind Kapuziner aus dem &hellip;<\/p>\n<p class=\"read-more\"> <a class=\"\" href=\"https:\/\/klosterschule-naefels.ch\/?page_id=55\"> <span class=\"screen-reader-text\">Kapuziner<\/span> Weiterlesen &raquo;<\/a><\/p>\n","protected":false},"author":1,"featured_media":0,"parent":0,"menu_order":0,"comment_status":"closed","ping_status":"closed","template":"","meta":{"site-sidebar-layout":"default","site-content-layout":"boxed-container","ast-site-content-layout":"","site-content-style":"default","site-sidebar-style":"default","ast-global-header-display":"","ast-banner-title-visibility":"","ast-main-header-display":"","ast-hfb-above-header-display":"","ast-hfb-below-header-display":"","ast-hfb-mobile-header-display":"","site-post-title":"disabled","ast-breadcrumbs-content":"","ast-featured-img":"","footer-sml-layout":"","theme-transparent-header-meta":"default","adv-header-id-meta":"","stick-header-meta":"","header-above-stick-meta":"","header-main-stick-meta":"","header-below-stick-meta":"","astra-migrate-meta-layouts":"","ast-page-background-enabled":"default","ast-page-background-meta":{"desktop":{"background-color":"","background-image":"","background-repeat":"repeat","background-position":"center center","background-size":"auto","background-attachment":"scroll","background-type":"","background-media":"","overlay-type":"","overlay-color":"","overlay-gradient":""},"tablet":{"background-color":"","background-image":"","background-repeat":"repeat","background-position":"center center","background-size":"auto","background-attachment":"scroll","background-type":"","background-media":"","overlay-type":"","overlay-color":"","overlay-gradient":""},"mobile":{"background-color":"","background-image":"","background-repeat":"repeat","background-position":"center center","background-size":"auto","background-attachment":"scroll","background-type":"","background-media":"","overlay-type":"","overlay-color":"","overlay-gradient":""}},"ast-content-background-meta":{"desktop":{"background-color":"var(--ast-global-color-5)","background-image":"","background-repeat":"repeat","background-position":"center center","background-size":"auto","background-attachment":"scroll","background-type":"","background-media":"","overlay-type":"","overlay-color":"","overlay-gradient":""},"tablet":{"background-color":"var(--ast-global-color-5)","background-image":"","background-repeat":"repeat","background-position":"center center","background-size":"auto","background-attachment":"scroll","background-type":"","background-media":"","overlay-type":"","overlay-color":"","overlay-gradient":""},"mobile":{"background-color":"var(--ast-global-color-5)","background-image":"","background-repeat":"repeat","background-position":"center center","background-size":"auto","background-attachment":"scroll","background-type":"","background-media":"","overlay-type":"","overlay-color":"","overlay-gradient":""}},"_themeisle_gutenberg_block_has_review":false,"footnotes":""},"class_list":["post-55","page","type-page","status-publish","hentry"],"_links":{"self":[{"href":"https:\/\/klosterschule-naefels.ch\/index.php?rest_route=\/wp\/v2\/pages\/55","targetHints":{"allow":["GET"]}}],"collection":[{"href":"https:\/\/klosterschule-naefels.ch\/index.php?rest_route=\/wp\/v2\/pages"}],"about":[{"href":"https:\/\/klosterschule-naefels.ch\/index.php?rest_route=\/wp\/v2\/types\/page"}],"author":[{"embeddable":true,"href":"https:\/\/klosterschule-naefels.ch\/index.php?rest_route=\/wp\/v2\/users\/1"}],"replies":[{"embeddable":true,"href":"https:\/\/klosterschule-naefels.ch\/index.php?rest_route=%2Fwp%2Fv2%2Fcomments&post=55"}],"version-history":[{"count":5,"href":"https:\/\/klosterschule-naefels.ch\/index.php?rest_route=\/wp\/v2\/pages\/55\/revisions"}],"predecessor-version":[{"id":1278,"href":"https:\/\/klosterschule-naefels.ch\/index.php?rest_route=\/wp\/v2\/pages\/55\/revisions\/1278"}],"wp:attachment":[{"href":"https:\/\/klosterschule-naefels.ch\/index.php?rest_route=%2Fwp%2Fv2%2Fmedia&parent=55"}],"curies":[{"name":"wp","href":"https:\/\/api.w.org\/{rel}","templated":true}]}}