{"id":53,"date":"2021-10-22T09:48:01","date_gmt":"2021-10-22T09:48:01","guid":{"rendered":"https:\/\/klosterschule-naefels.ch\/?page_id=53"},"modified":"2021-10-30T17:19:24","modified_gmt":"2021-10-30T17:19:24","slug":"klosterschule","status":"publish","type":"page","link":"https:\/\/klosterschule-naefels.ch\/?page_id=53","title":{"rendered":"Klosterschule"},"content":{"rendered":"\n<div class=\"wp-block-group is-layout-flow wp-block-group-is-layout-flow\"><div class=\"wp-block-group__inner-container\">\n<div class=\"wp-block-columns is-layout-flex wp-container-core-columns-is-layout-28f84493 wp-block-columns-is-layout-flex\">\n<div class=\"wp-block-column is-vertically-aligned-top is-layout-flow wp-block-column-is-layout-flow\">\n<h2 class=\"wp-block-heading\" id=\"die-klosterschule-nafels-ein-wahres-geschenk-des-himmels\" style=\"font-size:38px\">Die Klosterschule N\u00e4fels: ein wahres Geschenk des Himmels<\/h2>\n\n\n\n<p style=\"font-size:25px\"><em><em>Von 1831 bis 1984 besuchen rund 3500 13- bis 16-j\u00e4hrige Knaben in N\u00e4fels die Klosterschule. Hier nimmt ihre schulische und berufliche Karriere ihren Anfang, hier werden sie f\u00fcrs Leben vorbereitet. Nicht alle machen uneingeschr\u00e4nkt gute Erfahrungen, die meisten aber bleiben ihrer Klosterschule ein Leben lang tief verbunden.<\/em><\/em><\/p>\n<\/div>\n<\/div>\n<\/div><\/div>\n\n\n\n<div class=\"wp-block-columns is-layout-flex wp-container-core-columns-is-layout-28f84493 wp-block-columns-is-layout-flex\">\n<div class=\"wp-block-column is-layout-flow wp-block-column-is-layout-flow\">\n<p>In Barcelona gewinnt der italienische Autorennfahrer Luigi Pelsezza auf Maserati den Grossen Preis mit einer Durchschnittsgeschwindigkeit von 132 Kilometern pro Stunde, bei den Europameisterschaften der Freistilringer in Stockholm ringen in der Nationenwertung die T\u00fcrken vor den Schweden obenaus. In Venezuela geht bei den Wahlen zur Verfassungsgebenden Versammlung am Sonntag, 27. Oktober 1946, die linksliberale Regierungskoalition unter Staatspr\u00e4sident Romulo Betancourt als Sieger hervor. Und im \u00abR\u00f6ssli\u00bb in N\u00e4fels gr\u00fcnden 13 ehrbare Herren den Klosterschulverein N\u00e4fels. Der Bau der beiden Schulh\u00e4user 1954 und 1962 erfordern eine tat- und finanzkr\u00e4ftige Unterst\u00fctzung, welche vom Vorg\u00e4ngerverein Naveliensis (1924-1947) nicht geleistet werden kann.<\/p>\n\n\n\n<h3 class=\"wp-block-heading\">Ehrenpr\u00e4sident Arnold Hophan<\/h3>\n\n\n\n<p>Es ist absolut richtig, dass der Staat die Verantwortung f\u00fcr das An diesem 27. Oktober 1946 kommen Wolfgang Streeck, ein deutscher Soziologe, Carrie Snodgress, eine amerikanische Schauspielerin, Ivan Reitman, ein kanadischer Filmregisseur, und Martin-Christian Schmidt, ein deutscher Cembalo- und Orgelbauer, auf die Welt. Sic transit gloriae mundi. Doch der erste Pr\u00e4sident des Klosterschulvereins, Dr. med. Arnold Hophan, in Z\u00fcrich wirkend, der Vizepr\u00e4sident Dr. med. vet. Karl Landolt und der Aktuar Josef Landolt, Gemeinderatsschreiber in Benken, sind uns auch nach 70 Jahren irgendwie noch vertraut, wir begegnen ihnen, in alten Protokollen bl\u00e4tternd, auf Schritt und Tritt. Arnold Hophan wird 1966 zum Ehrenpr\u00e4sident ernannt.<\/p>\n\n\n\n<h3 class=\"wp-block-heading\">Wiederer\u00f6ffnung der Schule bleibt Ziel<\/h3>\n\n\n\n<p>In ein paar wenigen Zeilen wollen wir den Klosterschulverein vorstellen, wissend, dass gerade dieser Teil der Webseite vor allem von Vereinsmitgliedern selbst oder zumindest ehemaligen Klostersch\u00fclern angeschaut wird. Kein Wunder also, will sich das Blatt Papier vorerst nicht f\u00fcllen. In einem solchen Falle n\u00fctzt nur ein Blick in die Statuten. Die aktuellen stammen aus dem Jahr 2011, als Gerhard Truttmann Pr\u00e4sident und Aldo Lombardi Aktuar sind. \u00abDer Verein f\u00f6rdert alle Bestrebungen, die eine allf\u00e4llige Wiederer\u00f6ffnung einer Schule zum Ziele haben.\u00bb<\/p>\n<\/div>\n\n\n\n<div class=\"wp-block-column is-layout-flow wp-block-column-is-layout-flow\">\n<p>\u2013 Die Klosterschule ist seit 1984 geschlossen, und der Kapuziner sind heute noch weniger als damals. Und doch ist es richtig, dieses Ziel weiterhin zuallererst zu nennen. In ihrer langen Geschichte in der Schweiz erreichen die Kapuziner 1965 \u2013 und damit bereits mitten im wirtschaftlichen Aufschwung der Nachkriegszeit \u2013 ihren H\u00f6chstbestand mit 814 Mitgliedern. Kann so etwas nicht wieder einmal der Fall sein? Wer weiss schon mit Gewissheit, was in einigen Jahrzehnten sein wird! Erinnern wir uns: Nach dem Zweiten Weltkrieg k\u00e4mpfen b\u00fcrgerliche Politiker unerm\u00fcdlich f\u00fcr ein ungeteiltes Deutschland. V\u00f6llig realit\u00e4tsfern. Und dann pl\u00f6tzlich, 1989, bricht die Mauer zusammen. Jetzt \u2013 im Nachhinein \u2013 haben es alle immer schon kommen sehen\u2026 Die Kapuziner und die Franziskaner haben eine Zukunft. Weil wir daran glauben.<\/p>\n\n\n\n<h3 class=\"wp-block-heading\">Pflege der Kameradschaft<\/h3>\n\n\n\n<p>Der zweite Vereinszweck ist die Pflege der \u00abKameradschaft der ehemaligen Klostersch\u00fcler und Klosterschulfreunde untereinander\u00bb. Wie richtig, wie weitsichtig. Der Klosterschulverein ist das, was seine Mitglieder aus ihm machen, sind die Beziehungen, die wir miteinander pflegen. An den Klosterschultagungen und ausserhalb. Das l\u00e4uft gut, das kann aber in Zukunft noch weitaus besser laufen. Schliesslich ist im elektronischen Zeitalter die Pflege der Kameradschaft einfacher geworden. Oder doch nicht? Auch \u00abKlosterschulfreunde\u00bb k\u00f6nnen dem Verein beitreten. Es ist also, juristisch betrachtet, f\u00fcr einen Vereinsbeitritt nicht Bedingung, die Klosterschule besucht zu haben. Auch wenn vermutlich nicht allzu viele Nicht-Klostersch\u00fcler Vereinsmitglieder sind, ist diese Klausel doch ein wichtiges Zeichen der \u00d6ffnung. Dazu passt, dass der Verein, der das Kloster N\u00e4fels seit seiner Gr\u00fcndung regelm\u00e4ssig unterst\u00fctzt, im Jahr 2014 auch dem Kloster Wesemlin in Luzern einen ansehnlichen Beitrag zukommen l\u00e4sst. Es braucht den Klosterschulverein nach wie vor. Der Klosterschulverein lebt.<\/p>\n\n\n\n<div style=\"height:47px\" aria-hidden=\"true\" class=\"wp-block-spacer\"><\/div>\n\n\n\n<div class=\"wp-block-columns is-layout-flex wp-container-core-columns-is-layout-28f84493 wp-block-columns-is-layout-flex\">\n<div class=\"wp-block-column is-layout-flow wp-block-column-is-layout-flow\"><\/div>\n<\/div>\n<\/div>\n<\/div>\n\n\n\n<div class=\"wp-block-group is-layout-flow wp-block-group-is-layout-flow\"><div class=\"wp-block-group__inner-container\"><\/div><\/div>\n\n\n\n<div class=\"wp-block-columns is-layout-flex wp-container-core-columns-is-layout-28f84493 wp-block-columns-is-layout-flex\">\n<div class=\"wp-block-column is-layout-flow wp-block-column-is-layout-flow\" style=\"flex-basis:100%\">\n<div class=\"wp-block-group is-layout-flow wp-block-group-is-layout-flow\"><div class=\"wp-block-group__inner-container\">\n<div class=\"wp-block-columns is-layout-flex wp-container-core-columns-is-layout-28f84493 wp-block-columns-is-layout-flex\">\n<div class=\"wp-block-column is-layout-flow wp-block-column-is-layout-flow\"><\/div>\n<\/div>\n<\/div><\/div>\n<\/div>\n<\/div>\n\n\n\n<div class=\"wp-block-columns is-layout-flex wp-container-core-columns-is-layout-28f84493 wp-block-columns-is-layout-flex\">\n<div class=\"wp-block-column is-layout-flow wp-block-column-is-layout-flow\">\n<p><\/p>\n<\/div>\n<\/div>\n\n\n\n<div class=\"wp-block-group alignwide has-white-background-color has-background is-layout-constrained wp-container-core-group-is-layout-c911fe5f wp-block-group-is-layout-constrained\"><div class=\"wp-block-group__inner-container\">\n<div class=\"wp-block-columns alignwide is-layout-flex wp-container-core-columns-is-layout-28f84493 wp-block-columns-is-layout-flex\">\n<div class=\"wp-block-column is-layout-flow wp-block-column-is-layout-flow\">\n<div class=\"wp-block-columns is-layout-flex wp-container-core-columns-is-layout-28f84493 wp-block-columns-is-layout-flex\">\n<div class=\"wp-block-column is-layout-flow wp-block-column-is-layout-flow\">\n<p><\/p>\n<\/div>\n<\/div>\n\n\n\n<figure class=\"wp-block-image size-large\"><img loading=\"lazy\" decoding=\"async\" width=\"754\" height=\"1024\" src=\"https:\/\/klosterschule-naefels.ch\/wp-content\/uploads\/2021\/10\/Klosterschule-4-e1477085216339-754x1024.jpg\" alt=\"\" class=\"wp-image-1184\" srcset=\"https:\/\/klosterschule-naefels.ch\/wp-content\/uploads\/2021\/10\/Klosterschule-4-e1477085216339-754x1024.jpg 754w, https:\/\/klosterschule-naefels.ch\/wp-content\/uploads\/2021\/10\/Klosterschule-4-e1477085216339-221x300.jpg 221w, https:\/\/klosterschule-naefels.ch\/wp-content\/uploads\/2021\/10\/Klosterschule-4-e1477085216339-768x1043.jpg 768w, https:\/\/klosterschule-naefels.ch\/wp-content\/uploads\/2021\/10\/Klosterschule-4-e1477085216339-1131x1536.jpg 1131w, https:\/\/klosterschule-naefels.ch\/wp-content\/uploads\/2021\/10\/Klosterschule-4-e1477085216339.jpg 1506w\" sizes=\"auto, (max-width: 754px) 100vw, 754px\" \/><figcaption>Sporttag 1978: Die franziskanische Eiche, alias Pater Hugo, f\u00fchrt genauestens Protokoll.<\/figcaption><\/figure>\n\n\n\n<p><\/p>\n\n\n\n<p><\/p>\n<\/div>\n\n\n\n<div class=\"wp-block-column is-layout-flow wp-block-column-is-layout-flow\">\n<figure class=\"wp-block-image size-large\"><img loading=\"lazy\" decoding=\"async\" width=\"1024\" height=\"756\" src=\"https:\/\/klosterschule-naefels.ch\/wp-content\/uploads\/2021\/10\/Klosterschule-3b-e1477085149233-1024x756.jpg\" alt=\"\" class=\"wp-image-1185\" srcset=\"https:\/\/klosterschule-naefels.ch\/wp-content\/uploads\/2021\/10\/Klosterschule-3b-e1477085149233-1024x756.jpg 1024w, https:\/\/klosterschule-naefels.ch\/wp-content\/uploads\/2021\/10\/Klosterschule-3b-e1477085149233-300x221.jpg 300w, https:\/\/klosterschule-naefels.ch\/wp-content\/uploads\/2021\/10\/Klosterschule-3b-e1477085149233-768x567.jpg 768w, https:\/\/klosterschule-naefels.ch\/wp-content\/uploads\/2021\/10\/Klosterschule-3b-e1477085149233-1536x1134.jpg 1536w, https:\/\/klosterschule-naefels.ch\/wp-content\/uploads\/2021\/10\/Klosterschule-3b-e1477085149233.jpg 1557w\" sizes=\"auto, (max-width: 1024px) 100vw, 1024px\" \/><figcaption>Zu den ersten Sch\u00fclern, die das neue Pfammaterschulhaus ben\u00fctzen durften, geh\u00f6rten auch die Klassen 1a und 1b des Jahrgangs 1957\/58..<\/figcaption><\/figure>\n\n\n\n<figure class=\"wp-block-image size-large\"><img loading=\"lazy\" decoding=\"async\" width=\"1024\" height=\"629\" src=\"https:\/\/klosterschule-naefels.ch\/wp-content\/uploads\/2021\/10\/Klosterschule-6-e1477085340576-1024x629.jpg\" alt=\"\" class=\"wp-image-1186\" srcset=\"https:\/\/klosterschule-naefels.ch\/wp-content\/uploads\/2021\/10\/Klosterschule-6-e1477085340576-1024x629.jpg 1024w, https:\/\/klosterschule-naefels.ch\/wp-content\/uploads\/2021\/10\/Klosterschule-6-e1477085340576-300x184.jpg 300w, https:\/\/klosterschule-naefels.ch\/wp-content\/uploads\/2021\/10\/Klosterschule-6-e1477085340576-768x472.jpg 768w, https:\/\/klosterschule-naefels.ch\/wp-content\/uploads\/2021\/10\/Klosterschule-6-e1477085340576.jpg 1533w\" sizes=\"auto, (max-width: 1024px) 100vw, 1024px\" \/><figcaption>Zum Abschluss ein grosses Fest: die letzten 24 Sch\u00fcler der Klosterschule<\/figcaption><\/figure>\n<\/div>\n<\/div>\n<\/div><\/div>\n\n\n<div class=\"wp-block-themeisle-blocks-posts-grid\" id=\"\"><div class=\"is-grid o-posts-grid-columns-3\"><div class=\"o-posts-grid-post-blog o-posts-grid-post-plain\"><div class=\"o-posts-grid-post\"><div class=\"o-posts-grid-post-body is-full\"><span class=\"o-posts-grid-post-category\"><a href=\"https:\/\/klosterschule-naefels.ch\/?cat=9\">Klosterschule<\/a><\/span><h5 class=\"o-posts-grid-post-title\"><a href=\"https:\/\/klosterschule-naefels.ch\/?p=1413\">Die Hausordnung von 1924<\/a><\/h5><p class=\"o-posts-grid-post-meta\">Posted on <time datetime=\"2016-10-30T16:14:00+00:00\">30\/10\/2016<\/time> by <a href=\"https:\/\/klosterschule-naefels.ch\/?author=1\">admin<\/a><\/p><div class=\"o-posts-grid-post-description\"><p>\u00abDie M\u00fctze ist w\u00e4hrend des ganzen Schuljahres zu tragen.\u00bb Die Hausordnung der Klosterschule Mariabur\u2026<\/p><\/div><\/div><\/div><\/div><div class=\"o-posts-grid-post-blog o-posts-grid-post-plain\"><div class=\"o-posts-grid-post\"><div class=\"o-posts-grid-post-body is-full\"><span class=\"o-posts-grid-post-category\"><a href=\"https:\/\/klosterschule-naefels.ch\/?cat=9\">Klosterschule<\/a><\/span><h5 class=\"o-posts-grid-post-title\"><a href=\"https:\/\/klosterschule-naefels.ch\/?p=1408\">Nachruf auf P. Raymund Stocker<\/a><\/h5><p class=\"o-posts-grid-post-meta\">Posted on <time datetime=\"2016-10-30T16:11:44+00:00\">30\/10\/2016<\/time> by <a href=\"https:\/\/klosterschule-naefels.ch\/?author=1\">admin<\/a><\/p><div class=\"o-posts-grid-post-description\"><p>Am 25. Februar 1970 starb der langj\u00e4hrige Lehrer und Ehrenb\u00fcrger der Gemeinde N\u00e4fels.<\/p><\/div><\/div><\/div><\/div><div class=\"o-posts-grid-post-blog o-posts-grid-post-plain\"><div class=\"o-posts-grid-post\"><div class=\"o-posts-grid-post-body is-full\"><span class=\"o-posts-grid-post-category\"><a href=\"https:\/\/klosterschule-naefels.ch\/?cat=9\">Klosterschule<\/a><\/span><h5 class=\"o-posts-grid-post-title\"><a href=\"https:\/\/klosterschule-naefels.ch\/?p=1400\">Das erste Jubil\u00e4um der Schule<\/a><\/h5><p class=\"o-posts-grid-post-meta\">Posted on <time datetime=\"2016-10-30T16:06:02+00:00\">30\/10\/2016<\/time> by <a href=\"https:\/\/klosterschule-naefels.ch\/?author=1\">admin<\/a><\/p><div class=\"o-posts-grid-post-description\"><p>P. Patricius R\u00fcst arbeitete die ersten 100 Jahre auf.<\/p><\/div><\/div><\/div><\/div><div class=\"o-posts-grid-post-blog o-posts-grid-post-plain\"><div class=\"o-posts-grid-post\"><div class=\"o-posts-grid-post-body is-full\"><span class=\"o-posts-grid-post-category\"><a href=\"https:\/\/klosterschule-naefels.ch\/?cat=9\">Klosterschule<\/a><\/span><h5 class=\"o-posts-grid-post-title\"><a href=\"https:\/\/klosterschule-naefels.ch\/?p=1397\">Bergtour auf den Glarner Vorab<\/a><\/h5><p class=\"o-posts-grid-post-meta\">Posted on <time datetime=\"2016-10-30T16:03:12+00:00\">30\/10\/2016<\/time> by <a href=\"https:\/\/klosterschule-naefels.ch\/?author=1\">admin<\/a><\/p><div class=\"o-posts-grid-post-description\"><p>August 1959 \u2013 3. Klasse der Klosterschule. Die ganze 3. Klasse der Klosterschule \u2013 mit wenigen Ausna\u2026<\/p><\/div><\/div><\/div><\/div><\/div> <\/div>","protected":false},"excerpt":{"rendered":"<p>Die Klosterschule N\u00e4fels: ein wahres Geschenk des Himmels Von 1831 bis 1984 besuchen rund 3500 13- bis 16-j\u00e4hrige Knaben in N\u00e4fels die Klosterschule. Hier nimmt ihre schulische und berufliche Karriere ihren Anfang, hier werden sie f\u00fcrs Leben vorbereitet. Nicht alle machen uneingeschr\u00e4nkt gute Erfahrungen, die meisten aber bleiben ihrer Klosterschule ein Leben lang tief verbunden.<\/p>\n","protected":false},"author":1,"featured_media":0,"parent":0,"menu_order":0,"comment_status":"closed","ping_status":"closed","template":"","meta":{"site-sidebar-layout":"default","site-content-layout":"boxed-container","ast-site-content-layout":"","site-content-style":"default","site-sidebar-style":"default","ast-global-header-display":"","ast-banner-title-visibility":"","ast-main-header-display":"","ast-hfb-above-header-display":"","ast-hfb-below-header-display":"","ast-hfb-mobile-header-display":"","site-post-title":"disabled","ast-breadcrumbs-content":"","ast-featured-img":"","footer-sml-layout":"","theme-transparent-header-meta":"default","adv-header-id-meta":"","stick-header-meta":"","header-above-stick-meta":"","header-main-stick-meta":"","header-below-stick-meta":"","astra-migrate-meta-layouts":"","ast-page-background-enabled":"default","ast-page-background-meta":{"desktop":{"background-color":"","background-image":"","background-repeat":"repeat","background-position":"center center","background-size":"auto","background-attachment":"scroll","background-type":"","background-media":"","overlay-type":"","overlay-color":"","overlay-gradient":""},"tablet":{"background-color":"","background-image":"","background-repeat":"repeat","background-position":"center center","background-size":"auto","background-attachment":"scroll","background-type":"","background-media":"","overlay-type":"","overlay-color":"","overlay-gradient":""},"mobile":{"background-color":"","background-image":"","background-repeat":"repeat","background-position":"center center","background-size":"auto","background-attachment":"scroll","background-type":"","background-media":"","overlay-type":"","overlay-color":"","overlay-gradient":""}},"ast-content-background-meta":{"desktop":{"background-color":"var(--ast-global-color-5)","background-image":"","background-repeat":"repeat","background-position":"center center","background-size":"auto","background-attachment":"scroll","background-type":"","background-media":"","overlay-type":"","overlay-color":"","overlay-gradient":""},"tablet":{"background-color":"var(--ast-global-color-5)","background-image":"","background-repeat":"repeat","background-position":"center center","background-size":"auto","background-attachment":"scroll","background-type":"","background-media":"","overlay-type":"","overlay-color":"","overlay-gradient":""},"mobile":{"background-color":"var(--ast-global-color-5)","background-image":"","background-repeat":"repeat","background-position":"center center","background-size":"auto","background-attachment":"scroll","background-type":"","background-media":"","overlay-type":"","overlay-color":"","overlay-gradient":""}},"_themeisle_gutenberg_block_has_review":false,"footnotes":""},"class_list":["post-53","page","type-page","status-publish","hentry"],"_links":{"self":[{"href":"https:\/\/klosterschule-naefels.ch\/index.php?rest_route=\/wp\/v2\/pages\/53","targetHints":{"allow":["GET"]}}],"collection":[{"href":"https:\/\/klosterschule-naefels.ch\/index.php?rest_route=\/wp\/v2\/pages"}],"about":[{"href":"https:\/\/klosterschule-naefels.ch\/index.php?rest_route=\/wp\/v2\/types\/page"}],"author":[{"embeddable":true,"href":"https:\/\/klosterschule-naefels.ch\/index.php?rest_route=\/wp\/v2\/users\/1"}],"replies":[{"embeddable":true,"href":"https:\/\/klosterschule-naefels.ch\/index.php?rest_route=%2Fwp%2Fv2%2Fcomments&post=53"}],"version-history":[{"count":19,"href":"https:\/\/klosterschule-naefels.ch\/index.php?rest_route=\/wp\/v2\/pages\/53\/revisions"}],"predecessor-version":[{"id":1581,"href":"https:\/\/klosterschule-naefels.ch\/index.php?rest_route=\/wp\/v2\/pages\/53\/revisions\/1581"}],"wp:attachment":[{"href":"https:\/\/klosterschule-naefels.ch\/index.php?rest_route=%2Fwp%2Fv2%2Fmedia&parent=53"}],"curies":[{"name":"wp","href":"https:\/\/api.w.org\/{rel}","templated":true}]}}