{"id":51,"date":"2021-10-22T09:47:39","date_gmt":"2021-10-22T09:47:39","guid":{"rendered":"https:\/\/klosterschule-naefels.ch\/?page_id=51"},"modified":"2021-10-30T17:14:20","modified_gmt":"2021-10-30T17:14:20","slug":"klosterschulverein","status":"publish","type":"page","link":"https:\/\/klosterschule-naefels.ch\/?page_id=51","title":{"rendered":"Klosterschulverein"},"content":{"rendered":"\n<div class=\"wp-block-columns is-layout-flex wp-container-core-columns-is-layout-28f84493 wp-block-columns-is-layout-flex\">\n<div class=\"wp-block-column is-layout-flow wp-block-column-is-layout-flow\">\n<h2 class=\"wp-block-heading\" id=\"klosterschulverein-nafels\" style=\"font-size:38px\">Klosterschulverein N\u00e4fels<\/h2>\n\n\n\n<p style=\"font-size:25px\"><em>Teure Bauten werfen ihre Schatten weit voraus. Zum Gl\u00fcck. Um den sich abzeichnenden Bau eines neuen Schulhauses ideell und vor allem finanziell zu unterst\u00fctzen, wird 1947 der Klosterschulverein N\u00e4fels gegr\u00fcndet. Nat\u00fcrlich ist die Schliessung der Klosterschule 1984 eine Entt\u00e4uschung, trotzdem ist der Verein mit 70 Jahren noch kein bisschen m\u00fcde.<\/em><\/p>\n\n\n\n<div class=\"wp-block-columns is-layout-flex wp-container-core-columns-is-layout-28f84493 wp-block-columns-is-layout-flex\">\n<div class=\"wp-block-column is-layout-flow wp-block-column-is-layout-flow\">\n<p>In Barcelona gewinnt der italienische Autorennfahrer Luigi Pelsezza auf Maserati den Grossen Preis mit einer Durchschnittsgeschwindigkeit von 132 Kilometern pro Stunde, bei den Europameisterschaften der Freistilringer in Stockholm ringen in der Nationenwertung die T\u00fcrken vor den Schweden obenaus. In Venezuela geht bei den Wahlen zur Verfassungsgebenden Versammlung am Sonntag, 27. Oktober 1946, die linksliberale Regierungskoalition unter Staatspr\u00e4sident Romulo Betancourt als Sieger hervor. Und im \u00abR\u00f6ssli\u00bb in N\u00e4fels gr\u00fcnden 13 ehrbare Herren den Klosterschulverein N\u00e4fels. Der Bau der beiden Schulh\u00e4user 1954 und 1962 erfordern eine tat- und finanzkr\u00e4ftige Unterst\u00fctzung, welche vom Vorg\u00e4ngerverein Naveliensis (1924-1947) nicht geleistet werden kann.<\/p>\n\n\n\n<h3 class=\"wp-block-heading\" id=\"ehrenprasident-arnold-hophan\">Ehrenpr\u00e4sident Arnold Hophan<\/h3>\n\n\n\n<p>An diesem 27. Oktober 1946 kommen Wolfgang Streeck, ein deutscher Soziologe, Carrie Snodgress, eine amerikanische Schauspielerin, Ivan Reitman, ein kanadischer Filmregisseur, und Martin-Christian Schmidt, ein deutscher Cembalo- und Orgelbauer, auf die Welt. Sic transit gloriae mundi. Doch der erste Pr\u00e4sident des Klosterschulvereins, Dr. med. Arnold Hophan, in Z\u00fcrich wirkend, der Vizepr\u00e4sident Dr. med. vet. Karl Landolt und der Aktuar Josef Landolt, Gemeinderatsschreiber in Benken, sind uns auch nach 70 Jahren irgendwie noch vertraut, wir begegnen ihnen, in alten Protokollen bl\u00e4tternd, auf Schritt und Tritt. Arnold Hophan wird 1966 zum Ehrenpr\u00e4sident ernannt.<\/p>\n\n\n\n<h3 class=\"wp-block-heading\" id=\"wiedereroffnung-der-schule-bleibt-ziel\">Wiederer\u00f6ffnung der Schule bleibt Ziel<\/h3>\n\n\n\n<p>In ein paar wenigen Zeilen wollen wir den Klosterschulverein vorstellen, wissend, dass gerade dieser Teil der Webseite vor allem von Vereinsmitgliedern selbst oder zumindest ehemaligen Klostersch\u00fclern angeschaut wird. Kein Wunder also, will sich das Blatt Papier vorerst nicht f\u00fcllen. In einem solchen Falle n\u00fctzt nur ein Blick in die Statuten. Die aktuellen stammen aus dem Jahr 2011, als Gerhard Truttmann Pr\u00e4sident und Aldo Lombardi Aktuar sind. \u00abDer Verein f\u00f6rdert alle Bestrebungen, die eine allf\u00e4llige Wiederer\u00f6ffnung einer Schule zum Ziele haben.\u00bb \u2013 <\/p>\n<\/div>\n\n\n\n<div class=\"wp-block-column is-layout-flow wp-block-column-is-layout-flow\">\n<p>Die Klosterschule ist seit 1984 geschlossen, und der Kapuziner sind heute noch weniger als damals. Und doch ist es richtig, dieses Ziel weiterhin zuallererst zu nennen. In ihrer langen Geschichte in der Schweiz erreichen die Kapuziner 1965 \u2013 und damit bereits mitten im wirtschaftlichen Aufschwung der Nachkriegszeit \u2013 ihren H\u00f6chstbestand mit 814 Mitgliedern. Kann so etwas nicht wieder einmal der Fall sein? Wer weiss schon mit Gewissheit, was in einigen Jahrzehnten sein wird! Erinnern wir uns: Nach dem Zweiten Weltkrieg k\u00e4mpfen b\u00fcrgerliche Politiker unerm\u00fcdlich f\u00fcr ein ungeteiltes Deutschland. V\u00f6llig realit\u00e4tsfern. Und dann pl\u00f6tzlich, 1989, bricht die Mauer zusammen. Jetzt \u2013 im Nachhinein \u2013 haben es alle immer schon kommen sehen\u2026 Die Kapuziner und die Franziskaner haben eine Zukunft. Weil wir daran glauben.<\/p>\n\n\n\n<h3 class=\"wp-block-heading\" id=\"pflege-der-kameradschaft\">Pflege der Kameradschaft<\/h3>\n\n\n\n<p>Der zweite Vereinszweck ist die Pflege der \u00abKameradschaft der ehemaligen Klostersch\u00fcler und Klosterschulfreunde untereinander\u00bb. Wie richtig, wie weitsichtig. Der Klosterschulverein ist das, was seine Mitglieder aus ihm machen, sind die Beziehungen, die wir miteinander pflegen. An den Klosterschultagungen und ausserhalb. Das l\u00e4uft gut, das kann aber in Zukunft noch weitaus besser laufen. Schliesslich ist im elektronischen Zeitalter die Pflege der Kameradschaft einfacher geworden. Oder doch nicht? Auch \u00abKlosterschulfreunde\u00bb k\u00f6nnen dem Verein beitreten. Es ist also, juristisch betrachtet, f\u00fcr einen Vereinsbeitritt nicht Bedingung, die Klosterschule besucht zu haben. Auch wenn vermutlich nicht allzu viele Nicht-Klostersch\u00fcler Vereinsmitglieder sind, ist diese Klausel doch ein wichtiges Zeichen der \u00d6ffnung. Dazu passt, dass der Verein, der das Kloster N\u00e4fels seit seiner Gr\u00fcndung regelm\u00e4ssig unterst\u00fctzt, im Jahr 2014 auch dem Kloster Wesemlin in Luzern einen ansehnlichen Beitrag zukommen l\u00e4sst. Es braucht den Klosterschulverein nach wie vor. Der Klosterschulverein lebt.<\/p>\n<\/div>\n<\/div>\n\n\n\n<div class=\"wp-block-columns is-layout-flex wp-container-core-columns-is-layout-28f84493 wp-block-columns-is-layout-flex\">\n<div class=\"wp-block-column is-layout-flow wp-block-column-is-layout-flow\"><\/div>\n<\/div>\n<\/div>\n<\/div>\n\n\n\n<div class=\"wp-block-group alignfull has-ast-global-color-2-color has-ast-global-color-4-background-color has-text-color has-background is-layout-flow wp-block-group-is-layout-flow\"><div class=\"wp-block-group__inner-container\">\n<div style=\"height:70px\" aria-hidden=\"true\" class=\"wp-block-spacer\"><\/div>\n\n\n\n<div class=\"wp-block-columns alignwide are-vertically-aligned-center is-layout-flex wp-container-core-columns-is-layout-28f84493 wp-block-columns-is-layout-flex\">\n<div class=\"wp-block-column is-layout-flow wp-block-column-is-layout-flow\" style=\"flex-basis:100%\">\n<p class=\"has-text-color\" style=\"color:#000000;font-size:30px;line-height:1.1\"><strong>Der aktuelle Vorstand<\/strong><\/p>\n<\/div>\n\n\n\n<div class=\"wp-block-column is-layout-flow wp-block-column-is-layout-flow\" style=\"flex-basis:50%\">\n<hr class=\"wp-block-separator has-text-color has-background is-style-wide\" style=\"background-color:#000000;color:#000000\"\/>\n<\/div>\n<\/div>\n\n\n\n<div class=\"wp-block-columns alignwide is-layout-flex wp-container-core-columns-is-layout-28f84493 wp-block-columns-is-layout-flex\">\n<div class=\"wp-block-column is-layout-flow wp-block-column-is-layout-flow\"><\/div>\n\n\n\n<div class=\"wp-block-column is-layout-flow wp-block-column-is-layout-flow\">\n<p class=\"has-text-color has-extra-small-font-size\" style=\"color:#000000\">Der Vorstand setzt sich seit 2014 zusammen aus Hugo Fontana, Pr\u00e4sident, Dr. Karlj\u00f6rg Landolt, Carlo Eberle, Lorenz Ackermann, Daniel Feldmann und als Vertreter des Klosters Bruder Gottfried, Guardian. Gerhard Truttmann, der dem Verein als umsichtiger Pr\u00e4sident von 1987 \u2013 2014 vorstand, bleibt dem Vorstand als Aktuar erhalten.<\/p>\n<\/div>\n\n\n\n<div class=\"wp-block-column is-layout-flow wp-block-column-is-layout-flow\">\n<p class=\"has-text-color has-extra-small-font-size\" style=\"color:#000000\">Die Namen der fr\u00fcheren Vorstandsmitglieder sowie zahlreiche weitere Informationen aus der spannenden Vereinsgeschichte findet man \u2013 nach und nach aktualisiert \u2013 in der Randspalte unter den entsprechenden Links. Die Mitglieder- und die Klassenlisten sind im gesch\u00fctzten Bereich abgelegt. Das Passwort kann man sich via Kontaktformular erfragen.<\/p>\n<\/div>\n<\/div>\n\n\n\n<div style=\"height:40px\" aria-hidden=\"true\" class=\"wp-block-spacer\"><\/div>\n<\/div><\/div>\n\n\n\n<p><\/p>\n\n\n\n<figure class=\"wp-block-gallery columns-2 is-cropped wp-block-gallery-1 is-layout-flex wp-block-gallery-is-layout-flex\"><ul class=\"blocks-gallery-grid\"><li class=\"blocks-gallery-item\"><figure><img loading=\"lazy\" decoding=\"async\" width=\"1533\" height=\"1200\" src=\"https:\/\/klosterschule-naefels.ch\/wp-content\/uploads\/2021\/10\/Drei-Gruenkaeppler-1961-1963.jpg\" alt=\"\" data-id=\"1227\" data-full-url=\"https:\/\/klosterschule-naefels.ch\/wp-content\/uploads\/2021\/10\/Drei-Gruenkaeppler-1961-1963.jpg\" data-link=\"https:\/\/klosterschule-naefels.ch\/?attachment_id=1227\" class=\"wp-image-1227\" srcset=\"https:\/\/klosterschule-naefels.ch\/wp-content\/uploads\/2021\/10\/Drei-Gruenkaeppler-1961-1963.jpg 1533w, https:\/\/klosterschule-naefels.ch\/wp-content\/uploads\/2021\/10\/Drei-Gruenkaeppler-1961-1963-300x235.jpg 300w, https:\/\/klosterschule-naefels.ch\/wp-content\/uploads\/2021\/10\/Drei-Gruenkaeppler-1961-1963-1024x802.jpg 1024w, https:\/\/klosterschule-naefels.ch\/wp-content\/uploads\/2021\/10\/Drei-Gruenkaeppler-1961-1963-768x601.jpg 768w\" sizes=\"auto, (max-width: 1533px) 100vw, 1533px\" \/><figcaption class=\"blocks-gallery-item__caption\">DREI GR\u00dcNK\u00c4PPLER, 1961 \u2013 1963<\/figcaption><\/figure><\/li><li class=\"blocks-gallery-item\"><figure><img loading=\"lazy\" decoding=\"async\" width=\"2436\" height=\"1692\" src=\"https:\/\/klosterschule-naefels.ch\/wp-content\/uploads\/2021\/10\/Verein-4-e1477085564817.jpg\" alt=\"\" data-id=\"1228\" data-full-url=\"https:\/\/klosterschule-naefels.ch\/wp-content\/uploads\/2021\/10\/Verein-4-e1477085564817.jpg\" data-link=\"https:\/\/klosterschule-naefels.ch\/?attachment_id=1228\" class=\"wp-image-1228\" srcset=\"https:\/\/klosterschule-naefels.ch\/wp-content\/uploads\/2021\/10\/Verein-4-e1477085564817.jpg 2436w, https:\/\/klosterschule-naefels.ch\/wp-content\/uploads\/2021\/10\/Verein-4-e1477085564817-300x208.jpg 300w, https:\/\/klosterschule-naefels.ch\/wp-content\/uploads\/2021\/10\/Verein-4-e1477085564817-1024x711.jpg 1024w, https:\/\/klosterschule-naefels.ch\/wp-content\/uploads\/2021\/10\/Verein-4-e1477085564817-768x533.jpg 768w, https:\/\/klosterschule-naefels.ch\/wp-content\/uploads\/2021\/10\/Verein-4-e1477085564817-1536x1067.jpg 1536w, https:\/\/klosterschule-naefels.ch\/wp-content\/uploads\/2021\/10\/Verein-4-e1477085564817-2048x1423.jpg 2048w\" sizes=\"auto, (max-width: 2436px) 100vw, 2436px\" \/><figcaption class=\"blocks-gallery-item__caption\">AM 24. MAI 1971 KONNTE DIE NEUE TURNHALLE MIT EINEM AUSGEDEHNTEN FREILUFTAREAL IN BETRIEB GENOMMEN WERDEN. DER KLOSTERSCHULVEREIN UNTER DER LEITUNG VON DR. MED. VET. KARL LANDOLT TRUG NICHT WENIGER ALS 150 000 FRANKEN DAZU BEI. VON WEM STAMMT DIE ZEICHNUNG DES WERBEPROSPEKTS?<\/figcaption><\/figure><\/li><li class=\"blocks-gallery-item\"><figure><img loading=\"lazy\" decoding=\"async\" width=\"1491\" height=\"1101\" src=\"https:\/\/klosterschule-naefels.ch\/wp-content\/uploads\/2021\/10\/Verein-5-e1477085651537.jpg\" alt=\"\" data-id=\"1229\" data-full-url=\"https:\/\/klosterschule-naefels.ch\/wp-content\/uploads\/2021\/10\/Verein-5-e1477085651537.jpg\" data-link=\"https:\/\/klosterschule-naefels.ch\/?attachment_id=1229\" class=\"wp-image-1229\" srcset=\"https:\/\/klosterschule-naefels.ch\/wp-content\/uploads\/2021\/10\/Verein-5-e1477085651537.jpg 1491w, https:\/\/klosterschule-naefels.ch\/wp-content\/uploads\/2021\/10\/Verein-5-e1477085651537-300x222.jpg 300w, https:\/\/klosterschule-naefels.ch\/wp-content\/uploads\/2021\/10\/Verein-5-e1477085651537-1024x756.jpg 1024w, https:\/\/klosterschule-naefels.ch\/wp-content\/uploads\/2021\/10\/Verein-5-e1477085651537-768x567.jpg 768w\" sizes=\"auto, (max-width: 1491px) 100vw, 1491px\" \/><figcaption class=\"blocks-gallery-item__caption\">DIE KLASSE 3A IM JAHR 1971, ALS DER KLOSTERSCHULVEREIN SEIN 25-JAHR-JUBIL\u00c4UM FEIERN DURFTE.<\/figcaption><\/figure><\/li><li class=\"blocks-gallery-item\"><figure><img loading=\"lazy\" decoding=\"async\" width=\"1482\" height=\"918\" src=\"https:\/\/klosterschule-naefels.ch\/wp-content\/uploads\/2021\/10\/Verein-6-e1477085682502.jpg\" alt=\"\" data-id=\"1230\" data-full-url=\"https:\/\/klosterschule-naefels.ch\/wp-content\/uploads\/2021\/10\/Verein-6-e1477085682502.jpg\" data-link=\"https:\/\/klosterschule-naefels.ch\/?attachment_id=1230\" class=\"wp-image-1230\" srcset=\"https:\/\/klosterschule-naefels.ch\/wp-content\/uploads\/2021\/10\/Verein-6-e1477085682502.jpg 1482w, https:\/\/klosterschule-naefels.ch\/wp-content\/uploads\/2021\/10\/Verein-6-e1477085682502-300x186.jpg 300w, https:\/\/klosterschule-naefels.ch\/wp-content\/uploads\/2021\/10\/Verein-6-e1477085682502-1024x634.jpg 1024w, https:\/\/klosterschule-naefels.ch\/wp-content\/uploads\/2021\/10\/Verein-6-e1477085682502-768x476.jpg 768w\" sizes=\"auto, (max-width: 1482px) 100vw, 1482px\" \/><figcaption class=\"blocks-gallery-item__caption\">1978 IN DER KLOSTERSCHULE BUNDESRAT HANS H\u00dcRLIMANN , ST\u00c4NDERAT ALOIS DOBLER, REGIERUNGSRAT EMIL FISCHLI UND GEMEINDEPR\u00c4SIDENT ALFONS HOPHAN. BEREITS 1944\/45 WAR BUNDESRAT PHILIPPE ETTER IN DER KLOSTERSCHULE GEWESEN.<\/figcaption><\/figure><\/li><li class=\"blocks-gallery-item\"><figure><img loading=\"lazy\" decoding=\"async\" width=\"1500\" height=\"978\" src=\"https:\/\/klosterschule-naefels.ch\/wp-content\/uploads\/2021\/10\/Verein-7-e1477085714743.jpg\" alt=\"\" data-id=\"1231\" data-full-url=\"https:\/\/klosterschule-naefels.ch\/wp-content\/uploads\/2021\/10\/Verein-7-e1477085714743.jpg\" data-link=\"https:\/\/klosterschule-naefels.ch\/?attachment_id=1231\" class=\"wp-image-1231\" srcset=\"https:\/\/klosterschule-naefels.ch\/wp-content\/uploads\/2021\/10\/Verein-7-e1477085714743.jpg 1500w, https:\/\/klosterschule-naefels.ch\/wp-content\/uploads\/2021\/10\/Verein-7-e1477085714743-300x196.jpg 300w, https:\/\/klosterschule-naefels.ch\/wp-content\/uploads\/2021\/10\/Verein-7-e1477085714743-1024x668.jpg 1024w, https:\/\/klosterschule-naefels.ch\/wp-content\/uploads\/2021\/10\/Verein-7-e1477085714743-768x501.jpg 768w\" sizes=\"auto, (max-width: 1500px) 100vw, 1500px\" \/><figcaption class=\"blocks-gallery-item__caption\">\u201cBLITZ\u201d UND SEINE S\u00d6HNE. ZUM GL\u00dcCK NICHT DIE LETZTE TAGUNG DES KLOSTERSCHULVEREINS AM 25. M\u00c4RZ 1984, ZWEI TAGE NACH DEM LETZTEN SCHULTAG.<\/figcaption><\/figure><\/li><\/ul><\/figure>\n\n\n\n<div class=\"wp-block-columns is-layout-flex wp-container-core-columns-is-layout-28f84493 wp-block-columns-is-layout-flex\">\n<div class=\"wp-block-column is-layout-flow wp-block-column-is-layout-flow\"><\/div>\n<\/div>\n\n\n<div class=\"wp-block-themeisle-blocks-posts-grid\" id=\"\"><div class=\"is-grid o-posts-grid-columns-3\"><div class=\"o-posts-grid-post-blog o-posts-grid-post-plain\"><div class=\"o-posts-grid-post\"><div class=\"o-posts-grid-post-body is-full\"><span class=\"o-posts-grid-post-category\"><a href=\"https:\/\/klosterschule-naefels.ch\/?cat=8\">Klosterschulverein<\/a><\/span><h5 class=\"o-posts-grid-post-title\"><a href=\"https:\/\/klosterschule-naefels.ch\/?p=1672\">Abschied von Gerhard Truttmann<\/a><\/h5><p class=\"o-posts-grid-post-meta\">Posted on <time datetime=\"2024-09-04T18:35:30+00:00\">04\/09\/2024<\/time> by <a href=\"https:\/\/klosterschule-naefels.ch\/?author=2\">Andreas Schiendorfer<\/a><\/p><div class=\"o-posts-grid-post-description\"><p>Liebe Mitglieder des Klosterschulvereins Leider m\u00fcssen wir Euch Kenntnis geben vom Tode unseres Ehre\u2026<\/p><\/div><\/div><\/div><\/div><div class=\"o-posts-grid-post-blog o-posts-grid-post-plain\"><div class=\"o-posts-grid-post\"><div class=\"o-posts-grid-post-body is-full\"><span class=\"o-posts-grid-post-category\"><a href=\"https:\/\/klosterschule-naefels.ch\/?cat=8\">Klosterschulverein<\/a><\/span><h5 class=\"o-posts-grid-post-title\"><a href=\"https:\/\/klosterschule-naefels.ch\/?p=1468\">Tagung 2016: Der Geist der Klosterschule lebt<\/a><\/h5><p class=\"o-posts-grid-post-meta\">Posted on <time datetime=\"2016-12-30T16:35:00+00:00\">30\/12\/2016<\/time> by <a href=\"https:\/\/klosterschule-naefels.ch\/?author=1\">admin<\/a><\/p><div class=\"o-posts-grid-post-description\"><p>Rund siebzig ehemalige Klostersch\u00fcler trafen sich am vergangenen Sonntag zur 23. Klosterschultagung \u2026<\/p><\/div><\/div><\/div><\/div><div class=\"o-posts-grid-post-blog o-posts-grid-post-plain\"><div class=\"o-posts-grid-post\"><div class=\"o-posts-grid-post-body is-full\"><span class=\"o-posts-grid-post-category\"><a href=\"https:\/\/klosterschule-naefels.ch\/?cat=8\">Klosterschulverein<\/a><\/span><h5 class=\"o-posts-grid-post-title\"><a href=\"https:\/\/klosterschule-naefels.ch\/?p=1505\">Jubil\u00e4um als letzter H\u00f6hepunkt<\/a><\/h5><p class=\"o-posts-grid-post-meta\">Posted on <time datetime=\"2016-10-30T16:42:00+00:00\">30\/10\/2016<\/time> by <a href=\"https:\/\/klosterschule-naefels.ch\/?author=1\">admin<\/a><\/p><div class=\"o-posts-grid-post-description\"><p>Festschrift im Zeichen der bevorstehenden Schliessung.<\/p><\/div><\/div><\/div><\/div><div class=\"o-posts-grid-post-blog o-posts-grid-post-plain\"><div class=\"o-posts-grid-post\"><div class=\"o-posts-grid-post-body is-full\"><span class=\"o-posts-grid-post-category\"><a href=\"https:\/\/klosterschule-naefels.ch\/?cat=8\">Klosterschulverein<\/a><\/span><h5 class=\"o-posts-grid-post-title\"><a href=\"https:\/\/klosterschule-naefels.ch\/?p=1500\">Das Gr\u00fcndungsprotokoll<\/a><\/h5><p class=\"o-posts-grid-post-meta\">Posted on <time datetime=\"2016-10-30T16:39:00+00:00\">30\/10\/2016<\/time> by <a href=\"https:\/\/klosterschule-naefels.ch\/?author=1\">admin<\/a><\/p><div class=\"o-posts-grid-post-description\"><p>Obwohl damals mit der \u00abNavaliensis\u00bb bereits seit 1924 ein Unterst\u00fctzungsverein existierte, dem sich \u2026<\/p><\/div><\/div><\/div><\/div><div class=\"o-posts-grid-post-blog o-posts-grid-post-plain\"><div class=\"o-posts-grid-post\"><div class=\"o-posts-grid-post-body is-full\"><span class=\"o-posts-grid-post-category\"><a href=\"https:\/\/klosterschule-naefels.ch\/?cat=9\">Klosterschule<\/a><\/span><h5 class=\"o-posts-grid-post-title\"><a href=\"https:\/\/klosterschule-naefels.ch\/?p=1413\">Die Hausordnung von 1924<\/a><\/h5><p class=\"o-posts-grid-post-meta\">Posted on <time datetime=\"2016-10-30T16:14:00+00:00\">30\/10\/2016<\/time> by <a href=\"https:\/\/klosterschule-naefels.ch\/?author=1\">admin<\/a><\/p><div class=\"o-posts-grid-post-description\"><p>\u00abDie M\u00fctze ist w\u00e4hrend des ganzen Schuljahres zu tragen.\u00bb Die Hausordnung der Klosterschule Mariabur\u2026<\/p><\/div><\/div><\/div><\/div><div class=\"o-posts-grid-post-blog o-posts-grid-post-plain\"><div class=\"o-posts-grid-post\"><div class=\"o-posts-grid-post-body is-full\"><span class=\"o-posts-grid-post-category\"><a href=\"https:\/\/klosterschule-naefels.ch\/?cat=8\">Klosterschulverein<\/a><\/span><h5 class=\"o-posts-grid-post-title\"><a href=\"https:\/\/klosterschule-naefels.ch\/?p=1508\">Das ABC des Klosterschulvereins<\/a><\/h5><p class=\"o-posts-grid-post-meta\">Posted on <time datetime=\"2016-10-19T16:44:00+00:00\">19\/10\/2016<\/time> by <a href=\"https:\/\/klosterschule-naefels.ch\/?author=1\">admin<\/a><\/p><div class=\"o-posts-grid-post-description\"><p>Appenzell Appenzell und Stans gelten als die beiden anderen wichtigen Klosterschulen der Kapuziner n\u2026<\/p><\/div><\/div><\/div><\/div><div class=\"o-posts-grid-post-blog o-posts-grid-post-plain\"><div class=\"o-posts-grid-post\"><div class=\"o-posts-grid-post-body is-full\"><span class=\"o-posts-grid-post-category\"><a href=\"https:\/\/klosterschule-naefels.ch\/?cat=8\">Klosterschulverein<\/a><\/span><h5 class=\"o-posts-grid-post-title\"><a href=\"https:\/\/klosterschule-naefels.ch\/?p=1513\">Der Geist der Klosterschule lebt weiter<\/a><\/h5><p class=\"o-posts-grid-post-meta\">Posted on <time datetime=\"2016-10-12T16:50:00+00:00\">12\/10\/2016<\/time> by <a href=\"https:\/\/klosterschule-naefels.ch\/?author=1\">admin<\/a><\/p><div class=\"o-posts-grid-post-description\"><p>50 Jahre Klosterschulverein 1946-1996 Andreas Schiendorfer Ein Buch entsteht, indem der Autor z.B. e\u2026<\/p><\/div><\/div><\/div><\/div><div class=\"o-posts-grid-post-blog o-posts-grid-post-plain\"><div class=\"o-posts-grid-post\"><div class=\"o-posts-grid-post-body is-full\"><span class=\"o-posts-grid-post-category\"><a href=\"https:\/\/klosterschule-naefels.ch\/?cat=8\">Klosterschulverein<\/a><\/span><h5 class=\"o-posts-grid-post-title\"><a href=\"https:\/\/klosterschule-naefels.ch\/?p=1519\">Statuten<\/a><\/h5><p class=\"o-posts-grid-post-meta\">Posted on <time datetime=\"2011-10-23T16:53:00+00:00\">23\/10\/2011<\/time> by <a href=\"https:\/\/klosterschule-naefels.ch\/?author=1\">admin<\/a><\/p><div class=\"o-posts-grid-post-description\"><p>Kameradschaft steht im Zentrum des Vereinslebens. Statuten Art.1 Unter dem Namen \u201eKlosterschulverein\u2026<\/p><\/div><\/div><\/div><\/div><\/div> <\/div>","protected":false},"excerpt":{"rendered":"<p>Klosterschulverein N\u00e4fels Teure Bauten werfen ihre Schatten weit voraus. Zum Gl\u00fcck. Um den sich abzeichnenden Bau eines neuen Schulhauses ideell und vor allem finanziell zu unterst\u00fctzen, wird 1947 der Klosterschulverein N\u00e4fels gegr\u00fcndet. Nat\u00fcrlich ist die Schliessung der Klosterschule 1984 eine Entt\u00e4uschung, trotzdem ist der Verein mit 70 Jahren noch kein bisschen m\u00fcde. In Barcelona gewinnt &hellip;<\/p>\n<p class=\"read-more\"> <a class=\"\" href=\"https:\/\/klosterschule-naefels.ch\/?page_id=51\"> <span class=\"screen-reader-text\">Klosterschulverein<\/span> Weiterlesen &raquo;<\/a><\/p>\n","protected":false},"author":1,"featured_media":0,"parent":0,"menu_order":0,"comment_status":"closed","ping_status":"closed","template":"","meta":{"site-sidebar-layout":"default","site-content-layout":"boxed-container","ast-site-content-layout":"","site-content-style":"default","site-sidebar-style":"default","ast-global-header-display":"","ast-banner-title-visibility":"","ast-main-header-display":"","ast-hfb-above-header-display":"","ast-hfb-below-header-display":"","ast-hfb-mobile-header-display":"","site-post-title":"disabled","ast-breadcrumbs-content":"","ast-featured-img":"","footer-sml-layout":"","theme-transparent-header-meta":"default","adv-header-id-meta":"","stick-header-meta":"","header-above-stick-meta":"","header-main-stick-meta":"","header-below-stick-meta":"","astra-migrate-meta-layouts":"","ast-page-background-enabled":"default","ast-page-background-meta":{"desktop":{"background-color":"","background-image":"","background-repeat":"repeat","background-position":"center center","background-size":"auto","background-attachment":"scroll","background-type":"","background-media":"","overlay-type":"","overlay-color":"","overlay-gradient":""},"tablet":{"background-color":"","background-image":"","background-repeat":"repeat","background-position":"center center","background-size":"auto","background-attachment":"scroll","background-type":"","background-media":"","overlay-type":"","overlay-color":"","overlay-gradient":""},"mobile":{"background-color":"","background-image":"","background-repeat":"repeat","background-position":"center center","background-size":"auto","background-attachment":"scroll","background-type":"","background-media":"","overlay-type":"","overlay-color":"","overlay-gradient":""}},"ast-content-background-meta":{"desktop":{"background-color":"var(--ast-global-color-5)","background-image":"","background-repeat":"repeat","background-position":"center center","background-size":"auto","background-attachment":"scroll","background-type":"","background-media":"","overlay-type":"","overlay-color":"","overlay-gradient":""},"tablet":{"background-color":"var(--ast-global-color-5)","background-image":"","background-repeat":"repeat","background-position":"center center","background-size":"auto","background-attachment":"scroll","background-type":"","background-media":"","overlay-type":"","overlay-color":"","overlay-gradient":""},"mobile":{"background-color":"var(--ast-global-color-5)","background-image":"","background-repeat":"repeat","background-position":"center center","background-size":"auto","background-attachment":"scroll","background-type":"","background-media":"","overlay-type":"","overlay-color":"","overlay-gradient":""}},"_themeisle_gutenberg_block_has_review":false,"footnotes":""},"class_list":["post-51","page","type-page","status-publish","hentry"],"_links":{"self":[{"href":"https:\/\/klosterschule-naefels.ch\/index.php?rest_route=\/wp\/v2\/pages\/51","targetHints":{"allow":["GET"]}}],"collection":[{"href":"https:\/\/klosterschule-naefels.ch\/index.php?rest_route=\/wp\/v2\/pages"}],"about":[{"href":"https:\/\/klosterschule-naefels.ch\/index.php?rest_route=\/wp\/v2\/types\/page"}],"author":[{"embeddable":true,"href":"https:\/\/klosterschule-naefels.ch\/index.php?rest_route=\/wp\/v2\/users\/1"}],"replies":[{"embeddable":true,"href":"https:\/\/klosterschule-naefels.ch\/index.php?rest_route=%2Fwp%2Fv2%2Fcomments&post=51"}],"version-history":[{"count":15,"href":"https:\/\/klosterschule-naefels.ch\/index.php?rest_route=\/wp\/v2\/pages\/51\/revisions"}],"predecessor-version":[{"id":1578,"href":"https:\/\/klosterschule-naefels.ch\/index.php?rest_route=\/wp\/v2\/pages\/51\/revisions\/1578"}],"wp:attachment":[{"href":"https:\/\/klosterschule-naefels.ch\/index.php?rest_route=%2Fwp%2Fv2%2Fmedia&parent=51"}],"curies":[{"name":"wp","href":"https:\/\/api.w.org\/{rel}","templated":true}]}}